{"id":35,"date":"2020-01-06T13:31:56","date_gmt":"2020-01-06T13:31:56","guid":{"rendered":"https:\/\/techniprovac.ca\/?page_id=35"},"modified":"2024-08-13T17:21:45","modified_gmt":"2024-08-13T17:21:45","slug":"home","status":"publish","type":"page","link":"https:\/\/techniprovac.ca\/fr\/","title":{"rendered":""},"content":{"rendered":"<p class=\"has-large-font-size\"><strong> Avec plus de 30 ans d'exp\u00e9rience dans les domaines de la collecte de poussi\u00e8re, de la collecte de fum\u00e9es et de la r\u00e9cup\u00e9ration de papier, nous nous effor\u00e7ons d'offrir une installation de haute qualit\u00e9 et le meilleur service possible \u00e0 chaque \u00e9tape du processus.<\/strong>. <\/p>\n\n\n\n<div class=\"alignwide wp-block-media-text\"><figure class=\"wp-block-media-text__media\"><img data-recalc-dims=\"1\" loading=\"lazy\" decoding=\"async\" width=\"580\" height=\"347\" src=\"https:\/\/i0.wp.com\/techniprovac.ca\/wp-content\/uploads\/2020\/01\/IMAG01951.jpg?resize=580%2C347&#038;ssl=1\" alt=\"\" class=\"wp-image-38 size-full\" srcset=\"https:\/\/i0.wp.com\/techniprovac.ca\/wp-content\/uploads\/2020\/01\/IMAG01951-scaled.jpg?resize=1024%2C613&amp;ssl=1 1024w, https:\/\/i0.wp.com\/techniprovac.ca\/wp-content\/uploads\/2020\/01\/IMAG01951-scaled.jpg?resize=300%2C180&amp;ssl=1 300w, https:\/\/i0.wp.com\/techniprovac.ca\/wp-content\/uploads\/2020\/01\/IMAG01951-scaled.jpg?resize=768%2C460&amp;ssl=1 768w, https:\/\/i0.wp.com\/techniprovac.ca\/wp-content\/uploads\/2020\/01\/IMAG01951-scaled.jpg?resize=1536%2C920&amp;ssl=1 1536w, https:\/\/i0.wp.com\/techniprovac.ca\/wp-content\/uploads\/2020\/01\/IMAG01951-scaled.jpg?resize=2048%2C1226&amp;ssl=1 2048w, https:\/\/i0.wp.com\/techniprovac.ca\/wp-content\/uploads\/2020\/01\/IMAG01951-scaled.jpg?resize=1200%2C719&amp;ssl=1 1200w, https:\/\/i0.wp.com\/techniprovac.ca\/wp-content\/uploads\/2020\/01\/IMAG01951-scaled.jpg?resize=1980%2C1186&amp;ssl=1 1980w, https:\/\/i0.wp.com\/techniprovac.ca\/wp-content\/uploads\/2020\/01\/IMAG01951-scaled.jpg?w=1740&amp;ssl=1 1740w\" sizes=\"auto, (max-width: 580px) 100vw, 580px\" \/><\/figure><div class=\"wp-block-media-text__content\">\n<h2 class=\"wp-block-heading\">Contr\u00f4le de qualit\u00e9<\/h2>\n\n\n\n<p class=\"\"><strong>Pour maintenir des normes de qualit\u00e9 \u00e9lev\u00e9es, nous utilisons les meilleurs mat\u00e9riaux et techniques, con\u00e7us au fil des ann\u00e9es d'exp\u00e9rience. De plus, tous les devis, conceptions et installations sont supervis\u00e9s par le propri\u00e9taire, sp\u00e9cialiste des installations principales et des syst\u00e8mes \u00e0 pression n\u00e9gative, Chris Holland.<\/strong><\/p>\n<\/div><\/div>\n\n\n\n<div class=\"wp-block-columns alignwide is-layout-flex wp-container-core-columns-is-layout-9d6595d7 wp-block-columns-is-layout-flex\">\n<div class=\"wp-block-column is-vertically-aligned-top is-layout-flow wp-block-column-is-layout-flow\"><div class=\"wp-block-image\">\n<figure class=\"aligncenter size-large is-resized\"><img data-recalc-dims=\"1\" loading=\"lazy\" decoding=\"async\" width=\"512\" height=\"512\" src=\"https:\/\/i0.wp.com\/techniprovac.ca\/wp-content\/uploads\/2020\/08\/Techni_pro_logo_colour-Shield.png?resize=512%2C512&#038;ssl=1\" alt=\"\" class=\"wp-image-116\" style=\"width:150px;height:150px\" srcset=\"https:\/\/i0.wp.com\/techniprovac.ca\/wp-content\/uploads\/2020\/08\/Techni_pro_logo_colour-Shield.png?w=512&amp;ssl=1 512w, https:\/\/i0.wp.com\/techniprovac.ca\/wp-content\/uploads\/2020\/08\/Techni_pro_logo_colour-Shield.png?resize=300%2C300&amp;ssl=1 300w, https:\/\/i0.wp.com\/techniprovac.ca\/wp-content\/uploads\/2020\/08\/Techni_pro_logo_colour-Shield.png?resize=150%2C150&amp;ssl=1 150w\" sizes=\"auto, (max-width: 512px) 100vw, 512px\" \/><\/figure>\n<\/div>\n\n\n<p class=\"has-text-align-center\"><strong> SERVICE RAPIDE ET FIABLE <\/strong><\/p>\n<\/div>\n\n\n\n<div class=\"wp-block-column is-vertically-aligned-top is-layout-flow wp-block-column-is-layout-flow\" style=\"flex-basis:40%\"><div class=\"wp-block-image\">\n<figure class=\"aligncenter size-thumbnail\"><img data-recalc-dims=\"1\" loading=\"lazy\" decoding=\"async\" width=\"150\" height=\"150\" src=\"https:\/\/i0.wp.com\/techniprovac.ca\/wp-content\/uploads\/2020\/08\/Techni_pro_logo_colour-QUEstion-1.png?resize=150%2C150&#038;ssl=1\" alt=\"\" class=\"wp-image-117\" srcset=\"https:\/\/i0.wp.com\/techniprovac.ca\/wp-content\/uploads\/2020\/08\/Techni_pro_logo_colour-QUEstion-1.png?resize=150%2C150&amp;ssl=1 150w, https:\/\/i0.wp.com\/techniprovac.ca\/wp-content\/uploads\/2020\/08\/Techni_pro_logo_colour-QUEstion-1.png?resize=300%2C300&amp;ssl=1 300w, https:\/\/i0.wp.com\/techniprovac.ca\/wp-content\/uploads\/2020\/08\/Techni_pro_logo_colour-QUEstion-1.png?w=512&amp;ssl=1 512w\" sizes=\"auto, (max-width: 150px) 100vw, 150px\" \/><\/figure>\n<\/div>\n\n\n<p class=\"has-text-align-center\"><strong>ESTIMATIONS ET CONSULTATION GRATUITES<\/strong><\/p>\n<\/div>\n\n\n\n<div class=\"wp-block-column is-vertically-aligned-top is-layout-flow wp-block-column-is-layout-flow\"><div class=\"wp-block-image\">\n<figure class=\"aligncenter size-large is-resized\"><img data-recalc-dims=\"1\" loading=\"lazy\" decoding=\"async\" width=\"512\" height=\"512\" src=\"https:\/\/i0.wp.com\/techniprovac.ca\/wp-content\/uploads\/2020\/08\/Techni_pro_logo_colour-Checkmark.png?resize=512%2C512&#038;ssl=1\" alt=\"\" class=\"wp-image-120\" style=\"width:150px;height:150px\" srcset=\"https:\/\/i0.wp.com\/techniprovac.ca\/wp-content\/uploads\/2020\/08\/Techni_pro_logo_colour-Checkmark.png?w=512&amp;ssl=1 512w, https:\/\/i0.wp.com\/techniprovac.ca\/wp-content\/uploads\/2020\/08\/Techni_pro_logo_colour-Checkmark.png?resize=300%2C300&amp;ssl=1 300w, https:\/\/i0.wp.com\/techniprovac.ca\/wp-content\/uploads\/2020\/08\/Techni_pro_logo_colour-Checkmark.png?resize=150%2C150&amp;ssl=1 150w\" sizes=\"auto, (max-width: 512px) 100vw, 512px\" \/><\/figure>\n<\/div>\n\n\n<p class=\"has-text-align-center\"> <strong> GARANTIE DE SATISFACTION <\/strong> <\/p>\n<\/div>\n<\/div>\n\n\n\n<div class=\"wp-block-buttons is-content-justification-center is-layout-flex wp-container-core-buttons-is-layout-16018d1d wp-block-buttons-is-layout-flex\">\n<div class=\"is-style-outline wp-block-button is-style-outline--1\"><a class=\"wp-block-button__link has-primary-color has-text-color has-link-color wp-element-button\" href=\"https:\/\/techniprovac.ca\/fr\/about\/\">\u00c0 propos de nous<\/a><\/div>\n<\/div>","protected":false},"excerpt":{"rendered":"<p>With more than 30 years of experience in dust collection, fume collection and paper recuperation fields, we stride to provide a high quality installation and the best service possible, every step of the way. Quality Control To maintain a high quality standards, we use the best materials and techniques, devised through years of experience. Furthermore, [&hellip;]<\/p>\n","protected":false},"author":1,"featured_media":0,"parent":0,"menu_order":0,"comment_status":"closed","ping_status":"closed","template":"templates\/template-full-width.php","meta":{"nf_dc_page":"","_monsterinsights_skip_tracking":false,"_monsterinsights_sitenote_active":false,"_monsterinsights_sitenote_note":"","_monsterinsights_sitenote_category":0,"footnotes":""},"class_list":["post-35","page","type-page","status-publish","hentry"],"yoast_head":"<!-- This site is optimized with the Yoast SEO plugin v27.5 - https:\/\/yoast.com\/product\/yoast-seo-wordpress\/ -->\n<title>Techni Pro-Vac | Dust Collection: Installation, Maintenance &amp; Repair<\/title>\n<meta name=\"robots\" content=\"index, follow, max-snippet:-1, max-image-preview:large, max-video-preview:-1\" \/>\n<link rel=\"canonical\" href=\"https:\/\/techniprovac.ca\/fr\/\" \/>\n<meta property=\"og:locale\" content=\"fr_CA\" \/>\n<meta property=\"og:type\" content=\"article\" \/>\n<meta property=\"og:title\" content=\"Techni Pro-Vac | Dust Collection: Installation, Maintenance &amp; Repair\" \/>\n<meta property=\"og:description\" content=\"With more than 30 years of experience in dust collection, fume collection and paper recuperation fields, we stride to provide a high quality installation and the best service possible, every step of the way. Quality Control To maintain a high quality standards, we use the best materials and techniques, devised through years of experience. Furthermore, [&hellip;]\" \/>\n<meta property=\"og:url\" content=\"https:\/\/techniprovac.ca\/fr\/\" \/>\n<meta property=\"og:site_name\" content=\"Techni Pro-Vac\" \/>\n<meta property=\"article:modified_time\" content=\"2024-08-13T17:21:45+00:00\" \/>\n<meta property=\"og:image\" content=\"https:\/\/techniprovac.ca\/wp-content\/uploads\/2020\/01\/IMAG01951-1024x613.jpg\" \/>\n<meta name=\"twitter:card\" content=\"summary_large_image\" \/>\n<meta name=\"twitter:label1\" content=\"Estimation du temps de lecture\" \/>\n\t<meta name=\"twitter:data1\" content=\"2 minutes\" \/>\n<script type=\"application\/ld+json\" class=\"yoast-schema-graph\">{\"@context\":\"https:\\\/\\\/schema.org\",\"@graph\":[{\"@type\":\"WebPage\",\"@id\":\"https:\\\/\\\/techniprovac.ca\\\/\",\"url\":\"https:\\\/\\\/techniprovac.ca\\\/\",\"name\":\"Techni Pro-Vac | Dust Collection: Installation, Maintenance & Repair\",\"isPartOf\":{\"@id\":\"https:\\\/\\\/techniprovac.ca\\\/#website\"},\"primaryImageOfPage\":{\"@id\":\"https:\\\/\\\/techniprovac.ca\\\/#primaryimage\"},\"image\":{\"@id\":\"https:\\\/\\\/techniprovac.ca\\\/#primaryimage\"},\"thumbnailUrl\":\"https:\\\/\\\/techniprovac.ca\\\/wp-content\\\/uploads\\\/2020\\\/01\\\/IMAG01951-1024x613.jpg\",\"datePublished\":\"2020-01-06T13:31:56+00:00\",\"dateModified\":\"2024-08-13T17:21:45+00:00\",\"inLanguage\":\"fr-CA\",\"potentialAction\":[{\"@type\":\"ReadAction\",\"target\":[\"https:\\\/\\\/techniprovac.ca\\\/\"]}]},{\"@type\":\"ImageObject\",\"inLanguage\":\"fr-CA\",\"@id\":\"https:\\\/\\\/techniprovac.ca\\\/#primaryimage\",\"url\":\"https:\\\/\\\/techniprovac.ca\\\/wp-content\\\/uploads\\\/2020\\\/01\\\/IMAG01951-1024x613.jpg\",\"contentUrl\":\"https:\\\/\\\/techniprovac.ca\\\/wp-content\\\/uploads\\\/2020\\\/01\\\/IMAG01951-1024x613.jpg\"},{\"@type\":\"WebSite\",\"@id\":\"https:\\\/\\\/techniprovac.ca\\\/#website\",\"url\":\"https:\\\/\\\/techniprovac.ca\\\/\",\"name\":\"Techni Pro-Vac\",\"description\":\"\",\"publisher\":{\"@id\":\"https:\\\/\\\/techniprovac.ca\\\/#organization\"},\"potentialAction\":[{\"@type\":\"SearchAction\",\"target\":{\"@type\":\"EntryPoint\",\"urlTemplate\":\"https:\\\/\\\/techniprovac.ca\\\/?s={search_term_string}\"},\"query-input\":{\"@type\":\"PropertyValueSpecification\",\"valueRequired\":true,\"valueName\":\"search_term_string\"}}],\"inLanguage\":\"fr-CA\"},{\"@type\":\"Organization\",\"@id\":\"https:\\\/\\\/techniprovac.ca\\\/#organization\",\"name\":\"Techni Pro Vac\",\"url\":\"https:\\\/\\\/techniprovac.ca\\\/\",\"logo\":{\"@type\":\"ImageObject\",\"inLanguage\":\"fr-CA\",\"@id\":\"https:\\\/\\\/techniprovac.ca\\\/#\\\/schema\\\/logo\\\/image\\\/\",\"url\":\"https:\\\/\\\/i0.wp.com\\\/techniprovac.ca\\\/wp-content\\\/uploads\\\/2020\\\/08\\\/Techni_pro_logo_WHITE.png?fit=2448%2C484&ssl=1\",\"contentUrl\":\"https:\\\/\\\/i0.wp.com\\\/techniprovac.ca\\\/wp-content\\\/uploads\\\/2020\\\/08\\\/Techni_pro_logo_WHITE.png?fit=2448%2C484&ssl=1\",\"width\":2448,\"height\":484,\"caption\":\"Techni Pro Vac\"},\"image\":{\"@id\":\"https:\\\/\\\/techniprovac.ca\\\/#\\\/schema\\\/logo\\\/image\\\/\"}}]}<\/script>\n<!-- \/ Yoast SEO plugin. -->","yoast_head_json":{"title":"Techni Pro-Vac | Dust Collection: Installation, Maintenance & Repair","robots":{"index":"index","follow":"follow","max-snippet":"max-snippet:-1","max-image-preview":"max-image-preview:large","max-video-preview":"max-video-preview:-1"},"canonical":"https:\/\/techniprovac.ca\/fr\/","og_locale":"fr_CA","og_type":"article","og_title":"Techni Pro-Vac | Dust Collection: Installation, Maintenance & Repair","og_description":"With more than 30 years of experience in dust collection, fume collection and paper recuperation fields, we stride to provide a high quality installation and the best service possible, every step of the way. Quality Control To maintain a high quality standards, we use the best materials and techniques, devised through years of experience. Furthermore, [&hellip;]","og_url":"https:\/\/techniprovac.ca\/fr\/","og_site_name":"Techni Pro-Vac","article_modified_time":"2024-08-13T17:21:45+00:00","og_image":[{"url":"https:\/\/techniprovac.ca\/wp-content\/uploads\/2020\/01\/IMAG01951-1024x613.jpg","type":"","width":"","height":""}],"twitter_card":"summary_large_image","twitter_misc":{"Estimation du temps de lecture":"2 minutes"},"schema":{"@context":"https:\/\/schema.org","@graph":[{"@type":"WebPage","@id":"https:\/\/techniprovac.ca\/","url":"https:\/\/techniprovac.ca\/","name":"Techni Pro-Vac | Dust Collection: Installation, Maintenance & Repair","isPartOf":{"@id":"https:\/\/techniprovac.ca\/#website"},"primaryImageOfPage":{"@id":"https:\/\/techniprovac.ca\/#primaryimage"},"image":{"@id":"https:\/\/techniprovac.ca\/#primaryimage"},"thumbnailUrl":"https:\/\/techniprovac.ca\/wp-content\/uploads\/2020\/01\/IMAG01951-1024x613.jpg","datePublished":"2020-01-06T13:31:56+00:00","dateModified":"2024-08-13T17:21:45+00:00","inLanguage":"fr-CA","potentialAction":[{"@type":"ReadAction","target":["https:\/\/techniprovac.ca\/"]}]},{"@type":"ImageObject","inLanguage":"fr-CA","@id":"https:\/\/techniprovac.ca\/#primaryimage","url":"https:\/\/techniprovac.ca\/wp-content\/uploads\/2020\/01\/IMAG01951-1024x613.jpg","contentUrl":"https:\/\/techniprovac.ca\/wp-content\/uploads\/2020\/01\/IMAG01951-1024x613.jpg"},{"@type":"WebSite","@id":"https:\/\/techniprovac.ca\/#website","url":"https:\/\/techniprovac.ca\/","name":"Techni Pro-Vac","description":"","publisher":{"@id":"https:\/\/techniprovac.ca\/#organization"},"potentialAction":[{"@type":"SearchAction","target":{"@type":"EntryPoint","urlTemplate":"https:\/\/techniprovac.ca\/?s={search_term_string}"},"query-input":{"@type":"PropertyValueSpecification","valueRequired":true,"valueName":"search_term_string"}}],"inLanguage":"fr-CA"},{"@type":"Organization","@id":"https:\/\/techniprovac.ca\/#organization","name":"Techni Pro Vac","url":"https:\/\/techniprovac.ca\/","logo":{"@type":"ImageObject","inLanguage":"fr-CA","@id":"https:\/\/techniprovac.ca\/#\/schema\/logo\/image\/","url":"https:\/\/i0.wp.com\/techniprovac.ca\/wp-content\/uploads\/2020\/08\/Techni_pro_logo_WHITE.png?fit=2448%2C484&ssl=1","contentUrl":"https:\/\/i0.wp.com\/techniprovac.ca\/wp-content\/uploads\/2020\/08\/Techni_pro_logo_WHITE.png?fit=2448%2C484&ssl=1","width":2448,"height":484,"caption":"Techni Pro Vac"},"image":{"@id":"https:\/\/techniprovac.ca\/#\/schema\/logo\/image\/"}}]}},"jetpack_sharing_enabled":true,"_links":{"self":[{"href":"https:\/\/techniprovac.ca\/fr\/wp-json\/wp\/v2\/pages\/35","targetHints":{"allow":["GET"]}}],"collection":[{"href":"https:\/\/techniprovac.ca\/fr\/wp-json\/wp\/v2\/pages"}],"about":[{"href":"https:\/\/techniprovac.ca\/fr\/wp-json\/wp\/v2\/types\/page"}],"author":[{"embeddable":true,"href":"https:\/\/techniprovac.ca\/fr\/wp-json\/wp\/v2\/users\/1"}],"replies":[{"embeddable":true,"href":"https:\/\/techniprovac.ca\/fr\/wp-json\/wp\/v2\/comments?post=35"}],"version-history":[{"count":5,"href":"https:\/\/techniprovac.ca\/fr\/wp-json\/wp\/v2\/pages\/35\/revisions"}],"predecessor-version":[{"id":148,"href":"https:\/\/techniprovac.ca\/fr\/wp-json\/wp\/v2\/pages\/35\/revisions\/148"}],"wp:attachment":[{"href":"https:\/\/techniprovac.ca\/fr\/wp-json\/wp\/v2\/media?parent=35"}],"curies":[{"name":"wp","href":"https:\/\/api.w.org\/{rel}","templated":true}]}}