{"id":6,"date":"2020-01-06T17:08:23","date_gmt":"2020-01-06T17:08:23","guid":{"rendered":"https:\/\/techniprovac.ca\/?page_id=6"},"modified":"2024-08-13T17:23:02","modified_gmt":"2024-08-13T17:23:02","slug":"about","status":"publish","type":"page","link":"https:\/\/techniprovac.ca\/fr\/about\/","title":{"rendered":"\u00c0 propos"},"content":{"rendered":"<p class=\"\">Installation TECHNI-PRO-VAC Enr. utilise 30 ann\u00e9es d'exp\u00e9rience solide pour offrir des installations de qualit\u00e9 dans les domaines de la collecte de poussi\u00e8re, de la collecte de fum\u00e9es et de la r\u00e9cup\u00e9ration de papier.<\/p>\n\n\n\n<p class=\"\">Nous sommes fiers d'avoir des clients fid\u00e8les tels que&nbsp;<strong>&nbsp;Hollander Inc, Graphic Finishers Inc, Potters Canada,<\/strong>&nbsp;parmi tant d'autres.<\/p>\n\n\n\n<p class=\"\">Nous sommes des installateurs autoris\u00e9s pour&nbsp;<strong>Texas Electronics, Diversitec Inc<\/strong>&nbsp;et&nbsp;<strong>Aerofil Inc<\/strong>&nbsp;dans le domaine du contr\u00f4le de la pollution de l'air,<strong>&nbsp;Regenair<\/strong>&nbsp;dans le domaine de la r\u00e9cup\u00e9ration de papier,&nbsp;<strong>Belfab Inc<\/strong>.  un important fabricant de collecteurs de poussi\u00e8re pour les industries du bois et du ciment.<\/p>\n\n\n\n<p class=\"\">Fort de nos 30 ans d'exp\u00e9rience, nous avons d\u00e9velopp\u00e9 nos propres techniques pour offrir une installation de haute qualit\u00e9 \u00e0 un prix tr\u00e8s comp\u00e9titif. De plus, notre savoir-faire professionnel et les mat\u00e9riaux de haute qualit\u00e9 sont couverts par une garantie d'un an.<\/p>\n\n\n\n<p class=\"\">Donc, si nous pouvons vous aider en quoi que ce soit, y compris le service, la maintenance, la modification d'un syst\u00e8me existant ou la conception d'un nouveau syst\u00e8me, n'h\u00e9sitez pas \u00e0 nous contacter. Nous serions ravis de vous offrir une consultation gratuite pour \u00e9valuer vos besoins.<\/p>\n\n\n\n<p class=\"\">Sinc\u00e8rement<\/p>\n\n\n\n<p class=\"\">Chris Holland<br><br>Pr\u00e9sident<\/p>\n\n\n\n<div class=\"wp-block-buttons is-content-justification-center is-layout-flex wp-container-core-buttons-is-layout-16018d1d wp-block-buttons-is-layout-flex\">\n<div class=\"is-style-outline wp-block-button is-style-outline--1\"><a class=\"wp-block-button__link has-primary-color has-text-color has-link-color wp-element-button\" href=\"https:\/\/techniprovac.ca\/fr\/contact\/\">Contactez-nous<\/a><\/div>\n<\/div>\n\n\n\n<p class=\"\"><\/p>","protected":false},"excerpt":{"rendered":"<p>Installation TECHNI-PRO-VAC Enr. has been using 30 solid years of experience to provide quality installation for dust collection, fume collection and paper recuperation fields. We are proud to have such loyal customers as&nbsp;&nbsp;Hollander Inc, Graphic Finishers Inc, Potters Canada,&nbsp;among countless others. We are authorized installers for&nbsp;Texas Electronics, Diversitec Inc&nbsp;and&nbsp;Aerofil Inc&nbsp;in the air pollution control field,&nbsp;Regenair&nbsp;in [&hellip;]<\/p>\n","protected":false},"author":1,"featured_media":0,"parent":0,"menu_order":0,"comment_status":"closed","ping_status":"closed","template":"templates\/template-full-width.php","meta":{"nf_dc_page":"","_monsterinsights_skip_tracking":false,"_monsterinsights_sitenote_active":false,"_monsterinsights_sitenote_note":"","_monsterinsights_sitenote_category":0,"footnotes":""},"class_list":["post-6","page","type-page","status-publish","hentry"],"yoast_head":"<!-- This site is optimized with the Yoast SEO plugin v27.5 - https:\/\/yoast.com\/product\/yoast-seo-wordpress\/ -->\n<title>About - Techni Pro-Vac<\/title>\n<meta name=\"robots\" content=\"index, follow, max-snippet:-1, max-image-preview:large, max-video-preview:-1\" \/>\n<link rel=\"canonical\" href=\"https:\/\/techniprovac.ca\/fr\/about\/\" \/>\n<meta property=\"og:locale\" content=\"fr_CA\" \/>\n<meta property=\"og:type\" content=\"article\" \/>\n<meta property=\"og:title\" content=\"About - Techni Pro-Vac\" \/>\n<meta property=\"og:description\" content=\"Installation TECHNI-PRO-VAC Enr. has been using 30 solid years of experience to provide quality installation for dust collection, fume collection and paper recuperation fields. We are proud to have such loyal customers as&nbsp;&nbsp;Hollander Inc, Graphic Finishers Inc, Potters Canada,&nbsp;among countless others. We are authorized installers for&nbsp;Texas Electronics, Diversitec Inc&nbsp;and&nbsp;Aerofil Inc&nbsp;in the air pollution control field,&nbsp;Regenair&nbsp;in [&hellip;]\" \/>\n<meta property=\"og:url\" content=\"https:\/\/techniprovac.ca\/fr\/about\/\" \/>\n<meta property=\"og:site_name\" content=\"Techni Pro-Vac\" \/>\n<meta property=\"article:modified_time\" content=\"2024-08-13T17:23:02+00:00\" \/>\n<meta name=\"twitter:card\" content=\"summary_large_image\" \/>\n<meta name=\"twitter:label1\" content=\"Estimation du temps de lecture\" \/>\n\t<meta name=\"twitter:data1\" content=\"1 minute\" \/>\n<script type=\"application\/ld+json\" class=\"yoast-schema-graph\">{\"@context\":\"https:\\\/\\\/schema.org\",\"@graph\":[{\"@type\":\"WebPage\",\"@id\":\"https:\\\/\\\/techniprovac.ca\\\/about\\\/\",\"url\":\"https:\\\/\\\/techniprovac.ca\\\/about\\\/\",\"name\":\"About - Techni Pro-Vac\",\"isPartOf\":{\"@id\":\"https:\\\/\\\/techniprovac.ca\\\/#website\"},\"datePublished\":\"2020-01-06T17:08:23+00:00\",\"dateModified\":\"2024-08-13T17:23:02+00:00\",\"breadcrumb\":{\"@id\":\"https:\\\/\\\/techniprovac.ca\\\/about\\\/#breadcrumb\"},\"inLanguage\":\"fr-CA\",\"potentialAction\":[{\"@type\":\"ReadAction\",\"target\":[\"https:\\\/\\\/techniprovac.ca\\\/about\\\/\"]}]},{\"@type\":\"BreadcrumbList\",\"@id\":\"https:\\\/\\\/techniprovac.ca\\\/about\\\/#breadcrumb\",\"itemListElement\":[{\"@type\":\"ListItem\",\"position\":1,\"name\":\"Home\",\"item\":\"https:\\\/\\\/techniprovac.ca\\\/\"},{\"@type\":\"ListItem\",\"position\":2,\"name\":\"About\"}]},{\"@type\":\"WebSite\",\"@id\":\"https:\\\/\\\/techniprovac.ca\\\/#website\",\"url\":\"https:\\\/\\\/techniprovac.ca\\\/\",\"name\":\"Techni Pro-Vac\",\"description\":\"\",\"publisher\":{\"@id\":\"https:\\\/\\\/techniprovac.ca\\\/#organization\"},\"potentialAction\":[{\"@type\":\"SearchAction\",\"target\":{\"@type\":\"EntryPoint\",\"urlTemplate\":\"https:\\\/\\\/techniprovac.ca\\\/?s={search_term_string}\"},\"query-input\":{\"@type\":\"PropertyValueSpecification\",\"valueRequired\":true,\"valueName\":\"search_term_string\"}}],\"inLanguage\":\"fr-CA\"},{\"@type\":\"Organization\",\"@id\":\"https:\\\/\\\/techniprovac.ca\\\/#organization\",\"name\":\"Techni Pro Vac\",\"url\":\"https:\\\/\\\/techniprovac.ca\\\/\",\"logo\":{\"@type\":\"ImageObject\",\"inLanguage\":\"fr-CA\",\"@id\":\"https:\\\/\\\/techniprovac.ca\\\/#\\\/schema\\\/logo\\\/image\\\/\",\"url\":\"https:\\\/\\\/i0.wp.com\\\/techniprovac.ca\\\/wp-content\\\/uploads\\\/2020\\\/08\\\/Techni_pro_logo_WHITE.png?fit=2448%2C484&ssl=1\",\"contentUrl\":\"https:\\\/\\\/i0.wp.com\\\/techniprovac.ca\\\/wp-content\\\/uploads\\\/2020\\\/08\\\/Techni_pro_logo_WHITE.png?fit=2448%2C484&ssl=1\",\"width\":2448,\"height\":484,\"caption\":\"Techni Pro Vac\"},\"image\":{\"@id\":\"https:\\\/\\\/techniprovac.ca\\\/#\\\/schema\\\/logo\\\/image\\\/\"}}]}<\/script>\n<!-- \/ Yoast SEO plugin. -->","yoast_head_json":{"title":"About - Techni Pro-Vac","robots":{"index":"index","follow":"follow","max-snippet":"max-snippet:-1","max-image-preview":"max-image-preview:large","max-video-preview":"max-video-preview:-1"},"canonical":"https:\/\/techniprovac.ca\/fr\/about\/","og_locale":"fr_CA","og_type":"article","og_title":"About - Techni Pro-Vac","og_description":"Installation TECHNI-PRO-VAC Enr. has been using 30 solid years of experience to provide quality installation for dust collection, fume collection and paper recuperation fields. We are proud to have such loyal customers as&nbsp;&nbsp;Hollander Inc, Graphic Finishers Inc, Potters Canada,&nbsp;among countless others. We are authorized installers for&nbsp;Texas Electronics, Diversitec Inc&nbsp;and&nbsp;Aerofil Inc&nbsp;in the air pollution control field,&nbsp;Regenair&nbsp;in [&hellip;]","og_url":"https:\/\/techniprovac.ca\/fr\/about\/","og_site_name":"Techni Pro-Vac","article_modified_time":"2024-08-13T17:23:02+00:00","twitter_card":"summary_large_image","twitter_misc":{"Estimation du temps de lecture":"1 minute"},"schema":{"@context":"https:\/\/schema.org","@graph":[{"@type":"WebPage","@id":"https:\/\/techniprovac.ca\/about\/","url":"https:\/\/techniprovac.ca\/about\/","name":"About - Techni Pro-Vac","isPartOf":{"@id":"https:\/\/techniprovac.ca\/#website"},"datePublished":"2020-01-06T17:08:23+00:00","dateModified":"2024-08-13T17:23:02+00:00","breadcrumb":{"@id":"https:\/\/techniprovac.ca\/about\/#breadcrumb"},"inLanguage":"fr-CA","potentialAction":[{"@type":"ReadAction","target":["https:\/\/techniprovac.ca\/about\/"]}]},{"@type":"BreadcrumbList","@id":"https:\/\/techniprovac.ca\/about\/#breadcrumb","itemListElement":[{"@type":"ListItem","position":1,"name":"Home","item":"https:\/\/techniprovac.ca\/"},{"@type":"ListItem","position":2,"name":"About"}]},{"@type":"WebSite","@id":"https:\/\/techniprovac.ca\/#website","url":"https:\/\/techniprovac.ca\/","name":"Techni Pro-Vac","description":"","publisher":{"@id":"https:\/\/techniprovac.ca\/#organization"},"potentialAction":[{"@type":"SearchAction","target":{"@type":"EntryPoint","urlTemplate":"https:\/\/techniprovac.ca\/?s={search_term_string}"},"query-input":{"@type":"PropertyValueSpecification","valueRequired":true,"valueName":"search_term_string"}}],"inLanguage":"fr-CA"},{"@type":"Organization","@id":"https:\/\/techniprovac.ca\/#organization","name":"Techni Pro Vac","url":"https:\/\/techniprovac.ca\/","logo":{"@type":"ImageObject","inLanguage":"fr-CA","@id":"https:\/\/techniprovac.ca\/#\/schema\/logo\/image\/","url":"https:\/\/i0.wp.com\/techniprovac.ca\/wp-content\/uploads\/2020\/08\/Techni_pro_logo_WHITE.png?fit=2448%2C484&ssl=1","contentUrl":"https:\/\/i0.wp.com\/techniprovac.ca\/wp-content\/uploads\/2020\/08\/Techni_pro_logo_WHITE.png?fit=2448%2C484&ssl=1","width":2448,"height":484,"caption":"Techni Pro Vac"},"image":{"@id":"https:\/\/techniprovac.ca\/#\/schema\/logo\/image\/"}}]}},"jetpack_sharing_enabled":true,"_links":{"self":[{"href":"https:\/\/techniprovac.ca\/fr\/wp-json\/wp\/v2\/pages\/6","targetHints":{"allow":["GET"]}}],"collection":[{"href":"https:\/\/techniprovac.ca\/fr\/wp-json\/wp\/v2\/pages"}],"about":[{"href":"https:\/\/techniprovac.ca\/fr\/wp-json\/wp\/v2\/types\/page"}],"author":[{"embeddable":true,"href":"https:\/\/techniprovac.ca\/fr\/wp-json\/wp\/v2\/users\/1"}],"replies":[{"embeddable":true,"href":"https:\/\/techniprovac.ca\/fr\/wp-json\/wp\/v2\/comments?post=6"}],"version-history":[{"count":3,"href":"https:\/\/techniprovac.ca\/fr\/wp-json\/wp\/v2\/pages\/6\/revisions"}],"predecessor-version":[{"id":149,"href":"https:\/\/techniprovac.ca\/fr\/wp-json\/wp\/v2\/pages\/6\/revisions\/149"}],"wp:attachment":[{"href":"https:\/\/techniprovac.ca\/fr\/wp-json\/wp\/v2\/media?parent=6"}],"curies":[{"name":"wp","href":"https:\/\/api.w.org\/{rel}","templated":true}]}}